{"id":13,"date":"2026-04-13T09:18:17","date_gmt":"2026-04-13T09:18:17","guid":{"rendered":"https:\/\/gvc-coc-rietfontein.org\/?page_id=13"},"modified":"2026-04-27T09:25:59","modified_gmt":"2026-04-27T07:25:59","slug":"about-us","status":"publish","type":"page","link":"https:\/\/gvc-coc-rietfontein.org\/af\/about-us\/","title":{"rendered":"Oor Ons"},"content":{"rendered":"<div data-elementor-type=\"wp-page\" data-elementor-id=\"13\" class=\"elementor elementor-13\" data-elementor-post-type=\"page\">\n\t\t\t\t<div class=\"elementor-element elementor-element-c6fd925 e-con-full e-flex e-con e-parent\" data-id=\"c6fd925\" data-element_type=\"container\" data-e-type=\"container\" data-settings=\"{&quot;background_background&quot;:&quot;classic&quot;}\">\n\t\t\t\t<div class=\"elementor-element elementor-element-e8bfd90 elementor-widget elementor-widget-heading\" data-id=\"e8bfd90\" data-element_type=\"widget\" data-e-type=\"widget\" data-widget_type=\"heading.default\">\n\t\t\t\t\t<h2 class=\"elementor-heading-title elementor-size-default\">Oor Ons<\/h2>\t\t\t\t<\/div>\n\t\t\t\t<\/div>\n\t\t<div class=\"elementor-element elementor-element-8b5fbf6 e-con-full e-flex e-con e-parent\" data-id=\"8b5fbf6\" data-element_type=\"container\" data-e-type=\"container\" data-settings=\"{&quot;background_background&quot;:&quot;classic&quot;}\">\n\t\t<div class=\"elementor-element elementor-element-ebad3c4 e-con-full e-flex e-con e-child\" data-id=\"ebad3c4\" data-element_type=\"container\" data-e-type=\"container\" data-settings=\"{&quot;background_background&quot;:&quot;classic&quot;}\">\n\t\t\t\t<\/div>\n\t\t<div class=\"elementor-element elementor-element-ae11fbe e-con-full e-flex e-con e-child\" data-id=\"ae11fbe\" data-element_type=\"container\" data-e-type=\"container\" data-settings=\"{&quot;background_background&quot;:&quot;classic&quot;}\">\n\t\t\t\t<div class=\"elementor-element elementor-element-45ef44f elementor-widget elementor-widget-heading\" data-id=\"45ef44f\" data-element_type=\"widget\" data-e-type=\"widget\" data-widget_type=\"heading.default\">\n\t\t\t\t\t<h2 class=\"elementor-heading-title elementor-size-default\">Ons Aanbiddingsformaat<\/h2>\t\t\t\t<\/div>\n\t\t\t\t<div class=\"elementor-element elementor-element-2f204b2 elementor-widget elementor-widget-text-editor\" data-id=\"2f204b2\" data-element_type=\"widget\" data-e-type=\"widget\" data-widget_type=\"text-editor.default\">\n\t\t\t\t\t\t\t\t\t<p>Om God te aanbid is nie om vermaak te word nie. Ons streef daarna om op dieselfde wyse te aanbid as die eerste Christene in die Nuwe Testament, stigtelik soos dit in God se Woord beskryf word. Van die begin af het God dit duidelik gemaak hoe Hy aanbid wil wees, en ons as sy getroue diensknegte, het nie die reg om die instruksies te wysig soos dit ons pas nie.<\/p><p>Jesus het ges\u00ea: \u201c<em>God is Gees; en die wat Hom aanbid, moet in Gees en Waarheid aanbid.<\/em>\" \u2013 Johannes 4:24<\/p><p>Om God in Waarheid te aanbid is, Om God volgens Sy Woord te aanbid, want Sy Woord is Waarheid (Johannes 17:17). Dus moet ons nie enige iets byvoeg wat nie in Sy Woord gevind word nie.<\/p><p class=\"translation-block\">Net soos die gemeentes van die eerste eeu ongeveer 2000 jaar gelede gedoen het, kom die Gemeente van Christus ook vandag nog op die eerste dag van die week byeen om deel te neem aan die <strong>VYF STAPPE<\/strong> van aanbidding. Dit behels: <strong>die voorlees van die Skrifte, sang, gebed, preek, deelname aan die nagmaal<\/strong>, en daar word ook van die geleentheid gebruik gemaak om te gee, ooreenkomstig ons voorspoed.<\/p>\t\t\t\t\t\t\t\t<\/div>\n\t\t\t\t<\/div>\n\t\t\t\t<\/div>\n\t\t<div class=\"elementor-element elementor-element-cebaa6a e-flex e-con-boxed e-con e-parent\" data-id=\"cebaa6a\" data-element_type=\"container\" data-e-type=\"container\">\n\t\t\t\t\t<div class=\"e-con-inner\">\n\t\t\t\t<div class=\"elementor-element elementor-element-e395bea elementor-widget elementor-widget-text-editor\" data-id=\"e395bea\" data-element_type=\"widget\" data-e-type=\"widget\" data-widget_type=\"text-editor.default\">\n\t\t\t\t\t\t\t\t\t<p>Klik op enige item vir meer inligting<\/p>\t\t\t\t\t\t\t\t<\/div>\n\t\t\t\t<div class=\"elementor-element elementor-element-96064b2 elementor-widget elementor-widget-eael-adv-tabs\" data-id=\"96064b2\" data-element_type=\"widget\" data-e-type=\"widget\" data-widget_type=\"eael-adv-tabs.default\">\n\t\t\t\t\t        <div data-scroll-on-click=\"no\" data-scroll-speed=\"300\" id=\"eael-advance-tabs-96064b2\" class=\"eael-advance-tabs eael-tabs-vertical eael-tab-auto-active\" data-tabid=\"96064b2\">\n            <div class=\"eael-tabs-nav\">\n                <ul class=\"eael-tab-inline-icon\" role=\"tablist\">\n                                            <li id=\"singing\" class=\"inactive eael-tab-item-trigger eael-tab-nav-item\" aria-selected=\"true\" data-tab=\"1\" role=\"tab\" tabindex=\"0\" aria-controls=\"singing-tab\" aria-expanded=\"false\">\n                            \n                                                                <svg class=\"e-font-icon-svg e-fas-music\" viewbox=\"0 0 512 512\" xmlns=\"http:\/\/www.w3.org\/2000\/svg\"><path d=\"M470.38 1.51L150.41 96A32 32 0 0 0 128 126.51v261.41A139 139 0 0 0 96 384c-53 0-96 28.66-96 64s43 64 96 64 96-28.66 96-64V214.32l256-75v184.61a138.4 138.4 0 0 0-32-3.93c-53 0-96 28.66-96 64s43 64 96 64 96-28.65 96-64V32a32 32 0 0 0-41.62-30.49z\"><\/path><\/svg>                                                            \n                                                            <span class=\"eael-tab-title title-after-icon\" >Sang<\/span>                            \n                                                    <\/li>\n                                            <li id=\"prayer\" class=\"inactive eael-tab-item-trigger eael-tab-nav-item\" aria-selected=\"false\" data-tab=\"2\" role=\"tab\" tabindex=\"-1\" aria-controls=\"prayer-tab\" aria-expanded=\"false\">\n                            \n                                                                <svg class=\"e-font-icon-svg e-fas-pray\" viewbox=\"0 0 384 512\" xmlns=\"http:\/\/www.w3.org\/2000\/svg\"><path d=\"M256 128c35.35 0 64-28.65 64-64S291.35 0 256 0s-64 28.65-64 64 28.65 64 64 64zm-30.63 169.75c14.06 16.72 39 19.09 55.97 5.22l88-72.02c17.09-13.98 19.59-39.19 5.62-56.28-13.97-17.11-39.19-19.59-56.31-5.62l-57.44 47-38.91-46.31c-15.44-18.39-39.22-27.92-64-25.33-24.19 2.48-45.25 16.27-56.37 36.92l-49.37 92.03c-23.4 43.64-8.69 96.37 34.19 123.75L131.56 432H40c-22.09 0-40 17.91-40 40s17.91 40 40 40h208c34.08 0 53.77-42.79 28.28-68.28L166.42 333.86l34.8-64.87 24.15 28.76z\"><\/path><\/svg>                                                            \n                                                            <span class=\"eael-tab-title title-after-icon\" >Bid<\/span>                            \n                                                    <\/li>\n                                            <li id=\"preaching\" class=\"inactive eael-tab-item-trigger eael-tab-nav-item\" aria-selected=\"false\" data-tab=\"3\" role=\"tab\" tabindex=\"-1\" aria-controls=\"preaching-tab\" aria-expanded=\"false\">\n                            \n                                                                <svg class=\"e-font-icon-svg e-fas-cross\" viewbox=\"0 0 384 512\" xmlns=\"http:\/\/www.w3.org\/2000\/svg\"><path d=\"M352 128h-96V32c0-17.67-14.33-32-32-32h-64c-17.67 0-32 14.33-32 32v96H32c-17.67 0-32 14.33-32 32v64c0 17.67 14.33 32 32 32h96v224c0 17.67 14.33 32 32 32h64c17.67 0 32-14.33 32-32V256h96c17.67 0 32-14.33 32-32v-64c0-17.67-14.33-32-32-32z\"><\/path><\/svg>                                                            \n                                                            <span class=\"eael-tab-title title-after-icon\" >Prediking<\/span>                            \n                                                    <\/li>\n                                            <li id=\"reading-the-scriptures\" class=\"inactive eael-tab-item-trigger eael-tab-nav-item\" aria-selected=\"false\" data-tab=\"4\" role=\"tab\" tabindex=\"-1\" aria-controls=\"reading-the-scriptures-tab\" aria-expanded=\"false\">\n                            \n                                                                <svg class=\"e-font-icon-svg e-fas-book-open\" viewbox=\"0 0 576 512\" xmlns=\"http:\/\/www.w3.org\/2000\/svg\"><path d=\"M542.22 32.05c-54.8 3.11-163.72 14.43-230.96 55.59-4.64 2.84-7.27 7.89-7.27 13.17v363.87c0 11.55 12.63 18.85 23.28 13.49 69.18-34.82 169.23-44.32 218.7-46.92 16.89-.89 30.02-14.43 30.02-30.66V62.75c.01-17.71-15.35-31.74-33.77-30.7zM264.73 87.64C197.5 46.48 88.58 35.17 33.78 32.05 15.36 31.01 0 45.04 0 62.75V400.6c0 16.24 13.13 29.78 30.02 30.66 49.49 2.6 149.59 12.11 218.77 46.95 10.62 5.35 23.21-1.94 23.21-13.46V100.63c0-5.29-2.62-10.14-7.27-12.99z\"><\/path><\/svg>                                                            \n                                                            <span class=\"eael-tab-title title-after-icon\" >Voorlees van die skrifte<\/span>                            \n                                                    <\/li>\n                                            <li id=\"the-lords-supper\" class=\"inactive eael-tab-item-trigger eael-tab-nav-item\" aria-selected=\"false\" data-tab=\"5\" role=\"tab\" tabindex=\"-1\" aria-controls=\"the-lords-supper-tab\" aria-expanded=\"false\">\n                            \n                                                                <svg class=\"e-font-icon-svg e-fas-wine-glass-alt\" viewbox=\"0 0 288 512\" xmlns=\"http:\/\/www.w3.org\/2000\/svg\"><path d=\"M216 464h-40V346.81c68.47-15.89 118.05-79.91 111.4-154.16l-15.95-178.1C270.71 6.31 263.9 0 255.74 0H32.26c-8.15 0-14.97 6.31-15.7 14.55L.6 192.66C-6.05 266.91 43.53 330.93 112 346.82V464H72c-22.09 0-40 17.91-40 40 0 4.42 3.58 8 8 8h208c4.42 0 8-3.58 8-8 0-22.09-17.91-40-40-40zM61.75 48h164.5l7.17 80H54.58l7.17-80z\"><\/path><\/svg>                                                            \n                                                            <span class=\"eael-tab-title title-after-icon\" >Die Nagmaal<\/span>                            \n                                                    <\/li>\n                                            <li id=\"giving\" class=\"inactive eael-tab-item-trigger eael-tab-nav-item\" aria-selected=\"false\" data-tab=\"6\" role=\"tab\" tabindex=\"-1\" aria-controls=\"giving-tab\" aria-expanded=\"false\">\n                            \n                                                                <svg class=\"e-font-icon-svg e-fas-hand-holding-usd\" viewbox=\"0 0 576 512\" xmlns=\"http:\/\/www.w3.org\/2000\/svg\"><path d=\"M271.06,144.3l54.27,14.3a8.59,8.59,0,0,1,6.63,8.1c0,4.6-4.09,8.4-9.12,8.4h-35.6a30,30,0,0,1-11.19-2.2c-5.24-2.2-11.28-1.7-15.3,2l-19,17.5a11.68,11.68,0,0,0-2.25,2.66,11.42,11.42,0,0,0,3.88,15.74,83.77,83.77,0,0,0,34.51,11.5V240c0,8.8,7.83,16,17.37,16h17.37c9.55,0,17.38-7.2,17.38-16V222.4c32.93-3.6,57.84-31,53.5-63-3.15-23-22.46-41.3-46.56-47.7L282.68,97.4a8.59,8.59,0,0,1-6.63-8.1c0-4.6,4.09-8.4,9.12-8.4h35.6A30,30,0,0,1,332,83.1c5.23,2.2,11.28,1.7,15.3-2l19-17.5A11.31,11.31,0,0,0,368.47,61a11.43,11.43,0,0,0-3.84-15.78,83.82,83.82,0,0,0-34.52-11.5V16c0-8.8-7.82-16-17.37-16H295.37C285.82,0,278,7.2,278,16V33.6c-32.89,3.6-57.85,31-53.51,63C227.63,119.6,247,137.9,271.06,144.3ZM565.27,328.1c-11.8-10.7-30.2-10-42.6,0L430.27,402a63.64,63.64,0,0,1-40,14H272a16,16,0,0,1,0-32h78.29c15.9,0,30.71-10.9,33.25-26.6a31.2,31.2,0,0,0,.46-5.46A32,32,0,0,0,352,320H192a117.66,117.66,0,0,0-74.1,26.29L71.4,384H16A16,16,0,0,0,0,400v96a16,16,0,0,0,16,16H372.77a64,64,0,0,0,40-14L564,377a32,32,0,0,0,1.28-48.9Z\"><\/path><\/svg>                                                            \n                                                            <span class=\"eael-tab-title title-after-icon\" >Gee<\/span>                            \n                                                    <\/li>\n                    \n                                  <\/ul>\n            <\/div>\n            \n            <div class=\"eael-tabs-content\">\n\t\t        \n                    <div id=\"singing-tab\" class=\"clearfix eael-tab-content-item inactive\" data-title-link=\"singing-tab\">\n\t\t\t\t        <p>Die enigste musiek wat in ons erediens gebruik word, is a capella-sang. Dit is omdat die Nuwe Testament n\u00earens die gebruik van meganiese instrumente in aanbidding uitbeeld nie. Van die agt verwysings na \u2018musiek\u2019 in die aanbidding in die Nuwe Testament, noem geen een die gebruik van instrumente nie.<\/p><ul><li>\u201cEn nadat hulle die lofsang gesing het, het hulle uitgegaan na die Olyfberg\u201d (Mattheus 26:30)<\/li><li>\u201cEn omtrent middernag het Paulus en Silas gebid en lofliedere tot eer van God gesing\u2026\u201d (Handelinge 16:25)<\/li><li>\u201c\u2026daarom sal ek U loof onder die nasies en tot eer van U naam psalm sing.\u201d (Romeine 15:9)<\/li><li>\u201c\u2026ek sal met die gees psalm sing. Maar ek sal ook met die verstand psalm sing.\u201d (1 Korinti\u00ebrs 14:15)<\/li><li>\u201c\u2026maar word met die Gees vervul. Spreek onder mekaar met psalms en lofsange en geestelike liedere; en psalm sing in julle hart tot eer van die Here,\u201d (Efesi\u00ebrs 5: 18-19)<\/li><li>\u201cLaat die Woord van Christus ryklik in julle woon in alle wysheid. Leer en vermaan mekaar met psalms en lofsange en geestelike liedere, en sing in julle hart met dankbaarheid tot eer van die Here.\u201d (Kolossense 3:16)<\/li><li>\u201c\u2026ek sal U naam aan my broeders verkondig, in die midde van die gemeente sal ek U prys.\u201d (Hebre\u00ebrs 2:12)<\/li><li>\u201cIs daar iemand onder julle wat ly? Laat hom bid. Is iemand opgeruimd? Laat hom psalm sing.\u201d (Jakobus 5:13)<\/li><\/ul>                    <\/div>\n\t\t        \n                    <div id=\"prayer-tab\" class=\"clearfix eael-tab-content-item inactive\" data-title-link=\"prayer-tab\">\n\t\t\t\t        <p>Daar is baie voorbeelde en instruksies hoe om te bid in die Nuwe Testament. Jesus wys ons hoe om te bid in Mattheus 6:5-15. Omdat Jesus ons tussenganger  (1 Timothe\u00fcs 2:5) en ho\u00ebpriester is (Hebre\u00ebrs 4: 14-16), moet ons gebed aan God geadresseer wees in die naam van Jesus (Johannes 16:23). In ons gebede moet ons dank en lof aan God gee. Ons kan ook vir ons behoeftes en die behoeftes van ander bid.<\/p>                    <\/div>\n\t\t        \n                    <div id=\"preaching-tab\" class=\"clearfix eael-tab-content-item inactive\" data-title-link=\"preaching-tab\">\n\t\t\t\t        <p>God het ons beveel om ander te leer van Sy Woord om sondaars te red (Mattheus 28:19-20). Die vroe\u00eb Christene het hulle toegewy aan lering (Handelinge 2:42). Volgens Romeine 10:17 word geloof verkry deur \u201cgehoor, en gehoor is deur die Woord van God.\u201d, en is dit net deur die studie van die Woord van God dat ons ander kan leer. Ons moet verhoed dat valse lering kan voorkom en slegs die Bybel as grondslag gebruik (1 Petrus 2:1-2; 2 Timothe\u00fcs 4:1-5).<\/p>                    <\/div>\n\t\t        \n                    <div id=\"reading-the-scriptures-tab\" class=\"clearfix eael-tab-content-item inactive\" data-title-link=\"reading-the-scriptures-tab\">\n\t\t\t\t        <p>God het Johannes beveel om aan die Gemeentes in Klein Asi\u00eb te skryf en die briewe moes aan die Gemeentes voorgelees word. (Openbaring 2:1, 8, 12, 18.  Ook 3:1, 7 &amp;14). Paulus beveel om die skrifte onder die Gemeentes te versprei en dit voor te lees sodat hulle ook daardeur bemoedig mag word.\n(Kolossense 4:16)<\/p>                    <\/div>\n\t\t        \n                    <div id=\"the-lords-supper-tab\" class=\"clearfix eael-tab-content-item inactive\" data-title-link=\"the-lords-supper-tab\">\n\t\t\t\t        <p>Jesus het die nagmaal ingestel die aand wat Hy verraai was (1 Korinti\u00ebrs 11:23-26). As Christene neem ons deel hieraan as na-gedagtenis van Sy dood. Dit bring ons tot herinnering van die opoffering van Sy liggaam en bloed aan die kruis vir ons sondes (Mattheus 26:26-28). Die Nagmaal bestaan uit twee elemente: Ongesuurde brood (brood sonder suurdeeg) en die vrug van die wingerd (druiwesap), wat \u0149 simbool van Christus se liggaam en bloed onderskeidelik is (1 Korinti\u00ebrs 10:16).<\/p><p>Net soos die Nuwe Testamentiese leerstelling, neem ons die Nagmaal op die eerste dag van die week, soos deur die eerste eeue se Christene gedoen was (Handeling 20:7).<\/p><p>Die teks s\u00ea nie spesifiek \u201celke eerste dag van die week\u201d nie, maar net soos die gebod om die Sabbat te onderhou \u2019n eenvoudige opdrag was: \u201cOnderhou die Sabbat\u201d (Eksodus 20:8), wat deur die Jode verstaan is as die onderhouding van elke Sabbat, verstaan ons met dieselfde redenering dat dit verwys na elke eerste dag van die week.\n <br \/><br \/>\nIn ondersteuning hiervan is die skrywe van gerespekteerde geskiedkundiges soos Neander en Eusebius as bewyse dat die vroe\u00eb Christene die Nagmaal op elke Sondag gebruik het.<\/p>                    <\/div>\n\t\t        \n                    <div id=\"giving-tab\" class=\"clearfix eael-tab-content-item inactive\" data-title-link=\"giving-tab\">\n\t\t\t\t        <p>Die gemeente verkry die noodsaaklike fondse om die gegewe werk te doen deur die Christene wat gee uit hulle welbehae. 1 Korinti\u00ebrs 16:2 vertel ons wie moet gee: \u201celke een van ons\u201d; wanneer ons moet gee: \u201cop die eerste dag van die week\u201d; en hoeveel om te gee: \u201cnamate sy voorspoed is\u201d, maar \u201cblymoedig\u201d, want God het behae in so persoon (2 Korinti\u00ebrs 9:7).<\/p>                    <\/div>\n\t\t                    <\/div>\n        <\/div>\n\t\t\t\t<\/div>\n\t\t\t\t\t<\/div>\n\t\t\t\t<\/div>\n\t\t<div class=\"elementor-element elementor-element-9d40cf4 e-flex e-con-boxed e-con e-parent\" data-id=\"9d40cf4\" data-element_type=\"container\" data-e-type=\"container\">\n\t\t\t\t\t<div class=\"e-con-inner\">\n\t\t\t\t<div class=\"elementor-element elementor-element-098960f elementor-widget elementor-widget-heading\" data-id=\"098960f\" data-element_type=\"widget\" data-e-type=\"widget\" data-widget_type=\"heading.default\">\n\t\t\t\t\t<h2 class=\"elementor-heading-title elementor-size-default\">Ons Gemeente se Leierskap<\/h2>\t\t\t\t<\/div>\n\t\t\t\t\t<\/div>\n\t\t\t\t<\/div>\n\t\t<div class=\"elementor-element elementor-element-f023bd3 e-flex e-con-boxed e-con e-parent\" data-id=\"f023bd3\" data-element_type=\"container\" data-e-type=\"container\">\n\t\t\t\t\t<div class=\"e-con-inner\">\n\t\t\t\t<div class=\"elementor-element elementor-element-f64cf4e elementor-widget elementor-widget-text-editor\" data-id=\"f64cf4e\" data-element_type=\"widget\" data-e-type=\"widget\" data-widget_type=\"text-editor.default\">\n\t\t\t\t\t\t\t\t\t<table style=\"width: 100%; border-collapse: collapse;\">\n\n<tbody>\n<tr>\n<td style=\"border: 1px solid #ccc; padding: 8px;\">Ouderlinge<\/td>\n<td style=\"border: 1px solid #ccc; padding: 8px;\">Pieter Gerber<\/td>\n<td style=\"border: 1px solid #ccc; padding: 8px;\">082 900 1684<\/td>\n<td style=\"border: 1px solid #ccc; padding: 8px;\"><a href=\"mailto:pietkoninggerber@gmail.com\">pietkoninggerber@gmail.com<\/a><\/td>\n<\/tr>\n<tr>\n<td style=\"border: 1px solid #ccc; padding: 8px;\">Ouderlinge<\/td>\n<td style=\"border: 1px solid #ccc; padding: 8px;\">Vincent Singh<\/td>\n<td style=\"border: 1px solid #ccc; padding: 8px;\">083 575 7432<\/td>\n<td style=\"border: 1px solid #ccc; padding: 8px;\"><a href=\"mailto:vincentsnr1@gmail.com\">vincentsnr1@gmail.com<\/a><\/td>\n<\/tr>\n<tr>\n<td style=\"border: 1px solid #ccc; padding: 8px;\">Ouderlinge<\/td>\n<td style=\"border: 1px solid #ccc; padding: 8px;\">Hennie Theron<\/td>\n<td style=\"border: 1px solid #ccc; padding: 8px;\">076 323 5900<\/td>\n<td style=\"border: 1px solid #ccc; padding: 8px;\"><a href=\"mailto:hennie@kibogroup.co.za\">hennie@kibogroup.co.za<\/a><\/td>\n<\/tr>\n<tr>\n<td style=\"border: 1px solid #ccc; padding: 8px;\">Diakens<\/td>\n<td style=\"border: 1px solid #ccc; padding: 8px;\">Jacques Diamond<\/td>\n<td style=\"border: 1px solid #ccc; padding: 8px;\">071 861 7700<\/td>\n<td style=\"border: 1px solid #ccc; padding: 8px;\"><a href=\"mailto:jacques@ct3rsa.co.za\">jacques@ct3rsa.co.za<\/a><\/td>\n<\/tr>\n<\/tbody>\n<\/table>\t\t\t\t\t\t\t\t<\/div>\n\t\t\t\t\t<\/div>\n\t\t\t\t<\/div>\n\t\t<div class=\"elementor-element elementor-element-67a9648 e-con-full e-flex e-con e-parent\" data-id=\"67a9648\" data-element_type=\"container\" data-e-type=\"container\" data-settings=\"{&quot;background_background&quot;:&quot;classic&quot;}\">\n\t\t\t\t<\/div>\n\t\t\t\t<\/div>","protected":false},"excerpt":{"rendered":"<p>Our Worship Format Worship is not about entertainment. We seek to worship as the first New Testament Christians did, according to God\u2019s Word. From the beginning, God has shown how He is to be worshiped, and as His servants, we do not alter His commands to suit ourselves. Jesus said, \u201cGod is spirit, and his [&hellip;]<\/p>\n","protected":false},"author":1,"featured_media":0,"parent":0,"menu_order":0,"comment_status":"closed","ping_status":"closed","template":"","meta":{"footnotes":""},"class_list":["post-13","page","type-page","status-publish","hentry"],"_links":{"self":[{"href":"https:\/\/gvc-coc-rietfontein.org\/af\/wp-json\/wp\/v2\/pages\/13","targetHints":{"allow":["GET"]}}],"collection":[{"href":"https:\/\/gvc-coc-rietfontein.org\/af\/wp-json\/wp\/v2\/pages"}],"about":[{"href":"https:\/\/gvc-coc-rietfontein.org\/af\/wp-json\/wp\/v2\/types\/page"}],"author":[{"embeddable":true,"href":"https:\/\/gvc-coc-rietfontein.org\/af\/wp-json\/wp\/v2\/users\/1"}],"replies":[{"embeddable":true,"href":"https:\/\/gvc-coc-rietfontein.org\/af\/wp-json\/wp\/v2\/comments?post=13"}],"version-history":[{"count":0,"href":"https:\/\/gvc-coc-rietfontein.org\/af\/wp-json\/wp\/v2\/pages\/13\/revisions"}],"wp:attachment":[{"href":"https:\/\/gvc-coc-rietfontein.org\/af\/wp-json\/wp\/v2\/media?parent=13"}],"curies":[{"name":"wp","href":"https:\/\/api.w.org\/{rel}","templated":true}]}}